{"id":34221,"date":"2020-07-07T09:25:09","date_gmt":"2020-07-07T07:25:09","guid":{"rendered":"https:\/\/ru.tedom.com\/dokumenty-k-zahruzke\/vseobecne-dokumenty\/"},"modified":"2023-06-01T11:13:35","modified_gmt":"2023-06-01T09:13:35","slug":"vseobecne-dokumenty","status":"publish","type":"page","link":"https:\/\/ru.tedom.com\/ru\/dokumenty-k-zahruzke\/vseobecne-dokumenty\/","title":{"rendered":"\u041e\u0411\u0429\u0418\u0415 \u0414\u041e\u041a\u0423\u041c\u0415\u041d\u0422\u042b"},"content":{"rendered":"","protected":false},"excerpt":{"rendered":"","protected":false},"author":2,"featured_media":0,"parent":19801,"menu_order":52,"comment_status":"closed","ping_status":"closed","template":"templates\/download-detail.php","meta":{"footnotes":""},"acf":[],"yoast_head":"<!-- This site is optimized with the Yoast SEO plugin v21.5 - https:\/\/yoast.com\/wordpress\/plugins\/seo\/ -->\n<title>\u041e\u0411\u0429\u0418\u0415 \u0414\u041e\u041a\u0423\u041c\u0415\u041d\u0422\u042b - TEDOM<\/title>\n<meta name=\"robots\" content=\"index, follow, max-snippet:-1, max-image-preview:large, max-video-preview:-1\" \/>\n<link rel=\"canonical\" href=\"https:\/\/ru.tedom.com\/ru\/dokumenty-k-zahruzke\/vseobecne-dokumenty\/\" \/>\n<meta property=\"og:locale\" content=\"ru_RU\" \/>\n<meta property=\"og:type\" content=\"article\" \/>\n<meta property=\"og:title\" content=\"\u041e\u0411\u0429\u0418\u0415 \u0414\u041e\u041a\u0423\u041c\u0415\u041d\u0422\u042b - TEDOM\" \/>\n<meta property=\"og:url\" content=\"https:\/\/ru.tedom.com\/ru\/dokumenty-k-zahruzke\/vseobecne-dokumenty\/\" \/>\n<meta property=\"og:site_name\" content=\"TEDOM\" \/>\n<meta property=\"article:modified_time\" content=\"2023-06-01T09:13:35+00:00\" \/>\n<meta property=\"og:image\" content=\"https:\/\/ru.tedom.com\/wp-content\/uploads\/2022\/07\/TEDOM_logotype_RGB.png\" \/>\n\t<meta property=\"og:image:width\" content=\"2804\" \/>\n\t<meta property=\"og:image:height\" content=\"716\" \/>\n\t<meta property=\"og:image:type\" content=\"image\/png\" \/>\n<meta name=\"twitter:card\" content=\"summary_large_image\" \/>\n<script type=\"application\/ld+json\" class=\"yoast-schema-graph\">{\"@context\":\"https:\/\/schema.org\",\"@graph\":[{\"@type\":\"WebPage\",\"@id\":\"https:\/\/ru.tedom.com\/ru\/dokumenty-k-zahruzke\/vseobecne-dokumenty\/\",\"url\":\"https:\/\/ru.tedom.com\/ru\/dokumenty-k-zahruzke\/vseobecne-dokumenty\/\",\"name\":\"\u041e\u0411\u0429\u0418\u0415 \u0414\u041e\u041a\u0423\u041c\u0415\u041d\u0422\u042b - TEDOM\",\"isPartOf\":{\"@id\":\"https:\/\/ru.tedom.com\/ru\/#website\"},\"datePublished\":\"2020-07-07T07:25:09+00:00\",\"dateModified\":\"2023-06-01T09:13:35+00:00\",\"breadcrumb\":{\"@id\":\"https:\/\/ru.tedom.com\/ru\/dokumenty-k-zahruzke\/vseobecne-dokumenty\/#breadcrumb\"},\"inLanguage\":\"ru-RU\",\"potentialAction\":[{\"@type\":\"ReadAction\",\"target\":[\"https:\/\/ru.tedom.com\/ru\/dokumenty-k-zahruzke\/vseobecne-dokumenty\/\"]}]},{\"@type\":\"BreadcrumbList\",\"@id\":\"https:\/\/ru.tedom.com\/ru\/dokumenty-k-zahruzke\/vseobecne-dokumenty\/#breadcrumb\",\"itemListElement\":[{\"@type\":\"ListItem\",\"position\":1,\"name\":\"\u0414\u041e\u041a\u0423\u041c\u0415\u041d\u0422\u042b \u041a \u0417\u0410\u0413\u0420\u0423\u0417\u041a\u0415\",\"item\":\"https:\/\/ru.tedom.com\/ru\/dokumenty-k-zahruzke\/\"},{\"@type\":\"ListItem\",\"position\":2,\"name\":\"\u041e\u0411\u0429\u0418\u0415 \u0414\u041e\u041a\u0423\u041c\u0415\u041d\u0422\u042b\"}]},{\"@type\":\"WebSite\",\"@id\":\"https:\/\/ru.tedom.com\/ru\/#website\",\"url\":\"https:\/\/ru.tedom.com\/ru\/\",\"name\":\"TEDOM\",\"description\":\"Za\u0159\u00edzen\u00ed pro efektivn\u00ed v\u00fdrobu elekt\u0159iny, tepla a chladu\",\"publisher\":{\"@id\":\"https:\/\/ru.tedom.com\/ru\/#organization\"},\"potentialAction\":[{\"@type\":\"SearchAction\",\"target\":{\"@type\":\"EntryPoint\",\"urlTemplate\":\"https:\/\/ru.tedom.com\/ru\/?s={search_term_string}\"},\"query-input\":\"required name=search_term_string\"}],\"inLanguage\":\"ru-RU\"},{\"@type\":\"Organization\",\"@id\":\"https:\/\/ru.tedom.com\/ru\/#organization\",\"name\":\"TEDOM a.s.\",\"url\":\"https:\/\/ru.tedom.com\/ru\/\",\"logo\":{\"@type\":\"ImageObject\",\"inLanguage\":\"ru-RU\",\"@id\":\"https:\/\/ru.tedom.com\/ru\/#\/schema\/logo\/image\/\",\"url\":\"https:\/\/ru.tedom.com\/wp-content\/uploads\/2022\/06\/TEDOM_logotype_RGB.svg\",\"contentUrl\":\"https:\/\/ru.tedom.com\/wp-content\/uploads\/2022\/06\/TEDOM_logotype_RGB.svg\",\"width\":673,\"height\":171,\"caption\":\"TEDOM a.s.\"},\"image\":{\"@id\":\"https:\/\/ru.tedom.com\/ru\/#\/schema\/logo\/image\/\"}}]}<\/script>\n<!-- \/ Yoast SEO plugin. -->","yoast_head_json":{"title":"\u041e\u0411\u0429\u0418\u0415 \u0414\u041e\u041a\u0423\u041c\u0415\u041d\u0422\u042b - TEDOM","robots":{"index":"index","follow":"follow","max-snippet":"max-snippet:-1","max-image-preview":"max-image-preview:large","max-video-preview":"max-video-preview:-1"},"canonical":"https:\/\/ru.tedom.com\/ru\/dokumenty-k-zahruzke\/vseobecne-dokumenty\/","og_locale":"ru_RU","og_type":"article","og_title":"\u041e\u0411\u0429\u0418\u0415 \u0414\u041e\u041a\u0423\u041c\u0415\u041d\u0422\u042b - TEDOM","og_url":"https:\/\/ru.tedom.com\/ru\/dokumenty-k-zahruzke\/vseobecne-dokumenty\/","og_site_name":"TEDOM","article_modified_time":"2023-06-01T09:13:35+00:00","og_image":[{"width":2804,"height":716,"url":"https:\/\/ru.tedom.com\/wp-content\/uploads\/2022\/07\/TEDOM_logotype_RGB.png","type":"image\/png"}],"twitter_card":"summary_large_image","schema":{"@context":"https:\/\/schema.org","@graph":[{"@type":"WebPage","@id":"https:\/\/ru.tedom.com\/ru\/dokumenty-k-zahruzke\/vseobecne-dokumenty\/","url":"https:\/\/ru.tedom.com\/ru\/dokumenty-k-zahruzke\/vseobecne-dokumenty\/","name":"\u041e\u0411\u0429\u0418\u0415 \u0414\u041e\u041a\u0423\u041c\u0415\u041d\u0422\u042b - TEDOM","isPartOf":{"@id":"https:\/\/ru.tedom.com\/ru\/#website"},"datePublished":"2020-07-07T07:25:09+00:00","dateModified":"2023-06-01T09:13:35+00:00","breadcrumb":{"@id":"https:\/\/ru.tedom.com\/ru\/dokumenty-k-zahruzke\/vseobecne-dokumenty\/#breadcrumb"},"inLanguage":"ru-RU","potentialAction":[{"@type":"ReadAction","target":["https:\/\/ru.tedom.com\/ru\/dokumenty-k-zahruzke\/vseobecne-dokumenty\/"]}]},{"@type":"BreadcrumbList","@id":"https:\/\/ru.tedom.com\/ru\/dokumenty-k-zahruzke\/vseobecne-dokumenty\/#breadcrumb","itemListElement":[{"@type":"ListItem","position":1,"name":"\u0414\u041e\u041a\u0423\u041c\u0415\u041d\u0422\u042b \u041a \u0417\u0410\u0413\u0420\u0423\u0417\u041a\u0415","item":"https:\/\/ru.tedom.com\/ru\/dokumenty-k-zahruzke\/"},{"@type":"ListItem","position":2,"name":"\u041e\u0411\u0429\u0418\u0415 \u0414\u041e\u041a\u0423\u041c\u0415\u041d\u0422\u042b"}]},{"@type":"WebSite","@id":"https:\/\/ru.tedom.com\/ru\/#website","url":"https:\/\/ru.tedom.com\/ru\/","name":"TEDOM","description":"Za\u0159\u00edzen\u00ed pro efektivn\u00ed v\u00fdrobu elekt\u0159iny, tepla a chladu","publisher":{"@id":"https:\/\/ru.tedom.com\/ru\/#organization"},"potentialAction":[{"@type":"SearchAction","target":{"@type":"EntryPoint","urlTemplate":"https:\/\/ru.tedom.com\/ru\/?s={search_term_string}"},"query-input":"required name=search_term_string"}],"inLanguage":"ru-RU"},{"@type":"Organization","@id":"https:\/\/ru.tedom.com\/ru\/#organization","name":"TEDOM a.s.","url":"https:\/\/ru.tedom.com\/ru\/","logo":{"@type":"ImageObject","inLanguage":"ru-RU","@id":"https:\/\/ru.tedom.com\/ru\/#\/schema\/logo\/image\/","url":"https:\/\/ru.tedom.com\/wp-content\/uploads\/2022\/06\/TEDOM_logotype_RGB.svg","contentUrl":"https:\/\/ru.tedom.com\/wp-content\/uploads\/2022\/06\/TEDOM_logotype_RGB.svg","width":673,"height":171,"caption":"TEDOM a.s."},"image":{"@id":"https:\/\/ru.tedom.com\/ru\/#\/schema\/logo\/image\/"}}]}},"_links":{"self":[{"href":"https:\/\/ru.tedom.com\/ru\/wp-json\/wp\/v2\/pages\/34221"}],"collection":[{"href":"https:\/\/ru.tedom.com\/ru\/wp-json\/wp\/v2\/pages"}],"about":[{"href":"https:\/\/ru.tedom.com\/ru\/wp-json\/wp\/v2\/types\/page"}],"author":[{"embeddable":true,"href":"https:\/\/ru.tedom.com\/ru\/wp-json\/wp\/v2\/users\/2"}],"replies":[{"embeddable":true,"href":"https:\/\/ru.tedom.com\/ru\/wp-json\/wp\/v2\/comments?post=34221"}],"version-history":[{"count":5,"href":"https:\/\/ru.tedom.com\/ru\/wp-json\/wp\/v2\/pages\/34221\/revisions"}],"predecessor-version":[{"id":56727,"href":"https:\/\/ru.tedom.com\/ru\/wp-json\/wp\/v2\/pages\/34221\/revisions\/56727"}],"up":[{"embeddable":true,"href":"https:\/\/ru.tedom.com\/ru\/wp-json\/wp\/v2\/pages\/19801"}],"wp:attachment":[{"href":"https:\/\/ru.tedom.com\/ru\/wp-json\/wp\/v2\/media?parent=34221"}],"curies":[{"name":"wp","href":"https:\/\/api.w.org\/{rel}","templated":true}]}}