{"id":19812,"date":"2017-06-27T07:48:23","date_gmt":"2017-06-27T05:48:23","guid":{"rendered":"https:\/\/ru.tedom.com\/kontakty\/"},"modified":"2023-09-14T14:03:00","modified_gmt":"2023-09-14T12:03:00","slug":"kontakty","status":"publish","type":"page","link":"https:\/\/ru.tedom.com\/ru\/kontakty\/","title":{"rendered":"\u041a\u043e\u043d\u0442\u0430\u043a\u0442\u044b"},"content":{"rendered":"","protected":false},"excerpt":{"rendered":"","protected":false},"author":1,"featured_media":0,"parent":0,"menu_order":277,"comment_status":"closed","ping_status":"closed","template":"templates\/kontakty.php","meta":{"footnotes":""},"acf":[],"yoast_head":"<!-- This site is optimized with the Yoast SEO plugin v21.5 - https:\/\/yoast.com\/wordpress\/plugins\/seo\/ -->\n<title>\u041a\u043e\u043d\u0442\u0430\u043a\u0442\u044b - TEDOM<\/title>\n<meta name=\"description\" content=\"\u041f\u0440\u0438\u0451\u043c\u043d\u0430\u044f, \u041f\u0440\u043e\u0434\u0430\u0436\u0430 \u043a\u043e\u0433\u0435\u043d\u0435\u0440\u0430\u0446\u0438\u043e\u043d\u043d\u044b\u0445 \u0443\u0441\u0442\u0430\u043d\u043e\u0432\u043e\u043a, \u0421\u0435\u0440\u0432\u0438\u0441 \u043a\u043e\u0433\u0435\u043d\u0435\u0440\u0430\u0446\u0438\u043e\u043d\u043d\u044b\u0445 \u0443\u0441\u0442\u0430\u043d\u043e\u0432\u043e\u043a \u041c\u0430\u0440\u043a\u0435\u0442\u0438\u043d\u0433, \u0417\u0430\u043a\u0443\u043f\u043a\u0438, \u041f\u041e\u0414\u0420\u0410\u0417\u0414\u0415\u041b\u0415\u041d\u0418\u0415 \u041a\u041e\u0413\u0415\u041d\u0415\u0420\u0410\u0426\u0418\u0418, \u041f\u041e\u0414\u0420\u0410\u0417\u0414\u0415\u041b\u0415\u041d\u0418\u0415 \u042d\u041d\u0415\u0420\u0413\u0415\u0422\u0418\u041a\u0418, \u041f\u041e\u0414\u0420\u0410\u0417\u0414\u0415\u041b\u0415\u041d\u0418\u0415 \u0414\u0412\u0418\u0413\u0410\u0422\u0415\u041b\u0415\u0419, ...\" \/>\n<meta name=\"robots\" content=\"index, follow, max-snippet:-1, max-image-preview:large, max-video-preview:-1\" \/>\n<link rel=\"canonical\" href=\"https:\/\/ru.tedom.com\/ru\/kontakty\/\" \/>\n<meta property=\"og:locale\" content=\"ru_RU\" \/>\n<meta property=\"og:type\" content=\"article\" \/>\n<meta property=\"og:title\" content=\"\u041a\u043e\u043d\u0442\u0430\u043a\u0442\u044b - TEDOM\" \/>\n<meta property=\"og:description\" content=\"\u041f\u0440\u0438\u0451\u043c\u043d\u0430\u044f, \u041f\u0440\u043e\u0434\u0430\u0436\u0430 \u043a\u043e\u0433\u0435\u043d\u0435\u0440\u0430\u0446\u0438\u043e\u043d\u043d\u044b\u0445 \u0443\u0441\u0442\u0430\u043d\u043e\u0432\u043e\u043a, \u0421\u0435\u0440\u0432\u0438\u0441 \u043a\u043e\u0433\u0435\u043d\u0435\u0440\u0430\u0446\u0438\u043e\u043d\u043d\u044b\u0445 \u0443\u0441\u0442\u0430\u043d\u043e\u0432\u043e\u043a \u041c\u0430\u0440\u043a\u0435\u0442\u0438\u043d\u0433, \u0417\u0430\u043a\u0443\u043f\u043a\u0438, \u041f\u041e\u0414\u0420\u0410\u0417\u0414\u0415\u041b\u0415\u041d\u0418\u0415 \u041a\u041e\u0413\u0415\u041d\u0415\u0420\u0410\u0426\u0418\u0418, \u041f\u041e\u0414\u0420\u0410\u0417\u0414\u0415\u041b\u0415\u041d\u0418\u0415 \u042d\u041d\u0415\u0420\u0413\u0415\u0422\u0418\u041a\u0418, \u041f\u041e\u0414\u0420\u0410\u0417\u0414\u0415\u041b\u0415\u041d\u0418\u0415 \u0414\u0412\u0418\u0413\u0410\u0422\u0415\u041b\u0415\u0419, ...\" \/>\n<meta property=\"og:url\" content=\"https:\/\/ru.tedom.com\/ru\/kontakty\/\" \/>\n<meta property=\"og:site_name\" content=\"TEDOM\" \/>\n<meta property=\"article:modified_time\" content=\"2023-09-14T12:03:00+00:00\" \/>\n<meta property=\"og:image\" content=\"https:\/\/ru.tedom.com\/wp-content\/uploads\/2022\/07\/TEDOM_logotype_RGB.png\" \/>\n\t<meta property=\"og:image:width\" content=\"2804\" \/>\n\t<meta property=\"og:image:height\" content=\"716\" \/>\n\t<meta property=\"og:image:type\" content=\"image\/png\" \/>\n<meta name=\"twitter:card\" content=\"summary_large_image\" \/>\n<script type=\"application\/ld+json\" class=\"yoast-schema-graph\">{\"@context\":\"https:\/\/schema.org\",\"@graph\":[{\"@type\":\"WebPage\",\"@id\":\"https:\/\/ru.tedom.com\/ru\/kontakty\/\",\"url\":\"https:\/\/ru.tedom.com\/ru\/kontakty\/\",\"name\":\"\u041a\u043e\u043d\u0442\u0430\u043a\u0442\u044b - TEDOM\",\"isPartOf\":{\"@id\":\"https:\/\/ru.tedom.com\/ru\/#website\"},\"datePublished\":\"2017-06-27T05:48:23+00:00\",\"dateModified\":\"2023-09-14T12:03:00+00:00\",\"description\":\"\u041f\u0440\u0438\u0451\u043c\u043d\u0430\u044f, \u041f\u0440\u043e\u0434\u0430\u0436\u0430 \u043a\u043e\u0433\u0435\u043d\u0435\u0440\u0430\u0446\u0438\u043e\u043d\u043d\u044b\u0445 \u0443\u0441\u0442\u0430\u043d\u043e\u0432\u043e\u043a, \u0421\u0435\u0440\u0432\u0438\u0441 \u043a\u043e\u0433\u0435\u043d\u0435\u0440\u0430\u0446\u0438\u043e\u043d\u043d\u044b\u0445 \u0443\u0441\u0442\u0430\u043d\u043e\u0432\u043e\u043a \u041c\u0430\u0440\u043a\u0435\u0442\u0438\u043d\u0433, \u0417\u0430\u043a\u0443\u043f\u043a\u0438, \u041f\u041e\u0414\u0420\u0410\u0417\u0414\u0415\u041b\u0415\u041d\u0418\u0415 \u041a\u041e\u0413\u0415\u041d\u0415\u0420\u0410\u0426\u0418\u0418, \u041f\u041e\u0414\u0420\u0410\u0417\u0414\u0415\u041b\u0415\u041d\u0418\u0415 \u042d\u041d\u0415\u0420\u0413\u0415\u0422\u0418\u041a\u0418, \u041f\u041e\u0414\u0420\u0410\u0417\u0414\u0415\u041b\u0415\u041d\u0418\u0415 \u0414\u0412\u0418\u0413\u0410\u0422\u0415\u041b\u0415\u0419, ...\",\"inLanguage\":\"ru-RU\",\"potentialAction\":[{\"@type\":\"ReadAction\",\"target\":[\"https:\/\/ru.tedom.com\/ru\/kontakty\/\"]}]},{\"@type\":\"WebSite\",\"@id\":\"https:\/\/ru.tedom.com\/ru\/#website\",\"url\":\"https:\/\/ru.tedom.com\/ru\/\",\"name\":\"TEDOM\",\"description\":\"Za\u0159\u00edzen\u00ed pro efektivn\u00ed v\u00fdrobu elekt\u0159iny, tepla a chladu\",\"publisher\":{\"@id\":\"https:\/\/ru.tedom.com\/ru\/#organization\"},\"potentialAction\":[{\"@type\":\"SearchAction\",\"target\":{\"@type\":\"EntryPoint\",\"urlTemplate\":\"https:\/\/ru.tedom.com\/ru\/?s={search_term_string}\"},\"query-input\":\"required name=search_term_string\"}],\"inLanguage\":\"ru-RU\"},{\"@type\":\"Organization\",\"@id\":\"https:\/\/ru.tedom.com\/ru\/#organization\",\"name\":\"TEDOM a.s.\",\"url\":\"https:\/\/ru.tedom.com\/ru\/\",\"logo\":{\"@type\":\"ImageObject\",\"inLanguage\":\"ru-RU\",\"@id\":\"https:\/\/ru.tedom.com\/ru\/#\/schema\/logo\/image\/\",\"url\":\"https:\/\/ru.tedom.com\/wp-content\/uploads\/2022\/06\/TEDOM_logotype_RGB.svg\",\"contentUrl\":\"https:\/\/ru.tedom.com\/wp-content\/uploads\/2022\/06\/TEDOM_logotype_RGB.svg\",\"width\":673,\"height\":171,\"caption\":\"TEDOM a.s.\"},\"image\":{\"@id\":\"https:\/\/ru.tedom.com\/ru\/#\/schema\/logo\/image\/\"}}]}<\/script>\n<!-- \/ Yoast SEO plugin. -->","yoast_head_json":{"title":"\u041a\u043e\u043d\u0442\u0430\u043a\u0442\u044b - TEDOM","description":"\u041f\u0440\u0438\u0451\u043c\u043d\u0430\u044f, \u041f\u0440\u043e\u0434\u0430\u0436\u0430 \u043a\u043e\u0433\u0435\u043d\u0435\u0440\u0430\u0446\u0438\u043e\u043d\u043d\u044b\u0445 \u0443\u0441\u0442\u0430\u043d\u043e\u0432\u043e\u043a, \u0421\u0435\u0440\u0432\u0438\u0441 \u043a\u043e\u0433\u0435\u043d\u0435\u0440\u0430\u0446\u0438\u043e\u043d\u043d\u044b\u0445 \u0443\u0441\u0442\u0430\u043d\u043e\u0432\u043e\u043a \u041c\u0430\u0440\u043a\u0435\u0442\u0438\u043d\u0433, \u0417\u0430\u043a\u0443\u043f\u043a\u0438, \u041f\u041e\u0414\u0420\u0410\u0417\u0414\u0415\u041b\u0415\u041d\u0418\u0415 \u041a\u041e\u0413\u0415\u041d\u0415\u0420\u0410\u0426\u0418\u0418, \u041f\u041e\u0414\u0420\u0410\u0417\u0414\u0415\u041b\u0415\u041d\u0418\u0415 \u042d\u041d\u0415\u0420\u0413\u0415\u0422\u0418\u041a\u0418, \u041f\u041e\u0414\u0420\u0410\u0417\u0414\u0415\u041b\u0415\u041d\u0418\u0415 \u0414\u0412\u0418\u0413\u0410\u0422\u0415\u041b\u0415\u0419, ...","robots":{"index":"index","follow":"follow","max-snippet":"max-snippet:-1","max-image-preview":"max-image-preview:large","max-video-preview":"max-video-preview:-1"},"canonical":"https:\/\/ru.tedom.com\/ru\/kontakty\/","og_locale":"ru_RU","og_type":"article","og_title":"\u041a\u043e\u043d\u0442\u0430\u043a\u0442\u044b - TEDOM","og_description":"\u041f\u0440\u0438\u0451\u043c\u043d\u0430\u044f, \u041f\u0440\u043e\u0434\u0430\u0436\u0430 \u043a\u043e\u0433\u0435\u043d\u0435\u0440\u0430\u0446\u0438\u043e\u043d\u043d\u044b\u0445 \u0443\u0441\u0442\u0430\u043d\u043e\u0432\u043e\u043a, \u0421\u0435\u0440\u0432\u0438\u0441 \u043a\u043e\u0433\u0435\u043d\u0435\u0440\u0430\u0446\u0438\u043e\u043d\u043d\u044b\u0445 \u0443\u0441\u0442\u0430\u043d\u043e\u0432\u043e\u043a \u041c\u0430\u0440\u043a\u0435\u0442\u0438\u043d\u0433, \u0417\u0430\u043a\u0443\u043f\u043a\u0438, \u041f\u041e\u0414\u0420\u0410\u0417\u0414\u0415\u041b\u0415\u041d\u0418\u0415 \u041a\u041e\u0413\u0415\u041d\u0415\u0420\u0410\u0426\u0418\u0418, \u041f\u041e\u0414\u0420\u0410\u0417\u0414\u0415\u041b\u0415\u041d\u0418\u0415 \u042d\u041d\u0415\u0420\u0413\u0415\u0422\u0418\u041a\u0418, \u041f\u041e\u0414\u0420\u0410\u0417\u0414\u0415\u041b\u0415\u041d\u0418\u0415 \u0414\u0412\u0418\u0413\u0410\u0422\u0415\u041b\u0415\u0419, ...","og_url":"https:\/\/ru.tedom.com\/ru\/kontakty\/","og_site_name":"TEDOM","article_modified_time":"2023-09-14T12:03:00+00:00","og_image":[{"width":2804,"height":716,"url":"https:\/\/ru.tedom.com\/wp-content\/uploads\/2022\/07\/TEDOM_logotype_RGB.png","type":"image\/png"}],"twitter_card":"summary_large_image","schema":{"@context":"https:\/\/schema.org","@graph":[{"@type":"WebPage","@id":"https:\/\/ru.tedom.com\/ru\/kontakty\/","url":"https:\/\/ru.tedom.com\/ru\/kontakty\/","name":"\u041a\u043e\u043d\u0442\u0430\u043a\u0442\u044b - TEDOM","isPartOf":{"@id":"https:\/\/ru.tedom.com\/ru\/#website"},"datePublished":"2017-06-27T05:48:23+00:00","dateModified":"2023-09-14T12:03:00+00:00","description":"\u041f\u0440\u0438\u0451\u043c\u043d\u0430\u044f, \u041f\u0440\u043e\u0434\u0430\u0436\u0430 \u043a\u043e\u0433\u0435\u043d\u0435\u0440\u0430\u0446\u0438\u043e\u043d\u043d\u044b\u0445 \u0443\u0441\u0442\u0430\u043d\u043e\u0432\u043e\u043a, \u0421\u0435\u0440\u0432\u0438\u0441 \u043a\u043e\u0433\u0435\u043d\u0435\u0440\u0430\u0446\u0438\u043e\u043d\u043d\u044b\u0445 \u0443\u0441\u0442\u0430\u043d\u043e\u0432\u043e\u043a \u041c\u0430\u0440\u043a\u0435\u0442\u0438\u043d\u0433, \u0417\u0430\u043a\u0443\u043f\u043a\u0438, \u041f\u041e\u0414\u0420\u0410\u0417\u0414\u0415\u041b\u0415\u041d\u0418\u0415 \u041a\u041e\u0413\u0415\u041d\u0415\u0420\u0410\u0426\u0418\u0418, \u041f\u041e\u0414\u0420\u0410\u0417\u0414\u0415\u041b\u0415\u041d\u0418\u0415 \u042d\u041d\u0415\u0420\u0413\u0415\u0422\u0418\u041a\u0418, \u041f\u041e\u0414\u0420\u0410\u0417\u0414\u0415\u041b\u0415\u041d\u0418\u0415 \u0414\u0412\u0418\u0413\u0410\u0422\u0415\u041b\u0415\u0419, ...","inLanguage":"ru-RU","potentialAction":[{"@type":"ReadAction","target":["https:\/\/ru.tedom.com\/ru\/kontakty\/"]}]},{"@type":"WebSite","@id":"https:\/\/ru.tedom.com\/ru\/#website","url":"https:\/\/ru.tedom.com\/ru\/","name":"TEDOM","description":"Za\u0159\u00edzen\u00ed pro efektivn\u00ed v\u00fdrobu elekt\u0159iny, tepla a chladu","publisher":{"@id":"https:\/\/ru.tedom.com\/ru\/#organization"},"potentialAction":[{"@type":"SearchAction","target":{"@type":"EntryPoint","urlTemplate":"https:\/\/ru.tedom.com\/ru\/?s={search_term_string}"},"query-input":"required name=search_term_string"}],"inLanguage":"ru-RU"},{"@type":"Organization","@id":"https:\/\/ru.tedom.com\/ru\/#organization","name":"TEDOM a.s.","url":"https:\/\/ru.tedom.com\/ru\/","logo":{"@type":"ImageObject","inLanguage":"ru-RU","@id":"https:\/\/ru.tedom.com\/ru\/#\/schema\/logo\/image\/","url":"https:\/\/ru.tedom.com\/wp-content\/uploads\/2022\/06\/TEDOM_logotype_RGB.svg","contentUrl":"https:\/\/ru.tedom.com\/wp-content\/uploads\/2022\/06\/TEDOM_logotype_RGB.svg","width":673,"height":171,"caption":"TEDOM a.s."},"image":{"@id":"https:\/\/ru.tedom.com\/ru\/#\/schema\/logo\/image\/"}}]}},"_links":{"self":[{"href":"https:\/\/ru.tedom.com\/ru\/wp-json\/wp\/v2\/pages\/19812"}],"collection":[{"href":"https:\/\/ru.tedom.com\/ru\/wp-json\/wp\/v2\/pages"}],"about":[{"href":"https:\/\/ru.tedom.com\/ru\/wp-json\/wp\/v2\/types\/page"}],"author":[{"embeddable":true,"href":"https:\/\/ru.tedom.com\/ru\/wp-json\/wp\/v2\/users\/1"}],"replies":[{"embeddable":true,"href":"https:\/\/ru.tedom.com\/ru\/wp-json\/wp\/v2\/comments?post=19812"}],"version-history":[{"count":6,"href":"https:\/\/ru.tedom.com\/ru\/wp-json\/wp\/v2\/pages\/19812\/revisions"}],"predecessor-version":[{"id":57508,"href":"https:\/\/ru.tedom.com\/ru\/wp-json\/wp\/v2\/pages\/19812\/revisions\/57508"}],"wp:attachment":[{"href":"https:\/\/ru.tedom.com\/ru\/wp-json\/wp\/v2\/media?parent=19812"}],"curies":[{"name":"wp","href":"https:\/\/api.w.org\/{rel}","templated":true}]}}