{"id":19802,"date":"2017-11-22T09:28:02","date_gmt":"2017-11-22T08:28:02","guid":{"rendered":"https:\/\/ru.tedom.com\/sledujte-tedom\/"},"modified":"2023-09-21T12:26:38","modified_gmt":"2023-09-21T10:26:38","slug":"sledujte-tedom","status":"publish","type":"page","link":"https:\/\/ru.tedom.com\/ru\/prosojedinajtes-k-tedom\/","title":{"rendered":"\u041f\u0420\u0418\u0421\u041e\u0415\u0414\u0418\u041d\u042f\u0419\u0422\u0415\u0421\u042c \u041a TEDOM"},"content":{"rendered":"","protected":false},"excerpt":{"rendered":"","protected":false},"author":1,"featured_media":0,"parent":0,"menu_order":345,"comment_status":"closed","ping_status":"closed","template":"templates\/sledujte2.php","meta":{"footnotes":""},"acf":[],"yoast_head":"<!-- This site is optimized with the Yoast SEO plugin v21.5 - https:\/\/yoast.com\/wordpress\/plugins\/seo\/ -->\n<title>\u041f\u0420\u0418\u0421\u041e\u0415\u0414\u0418\u041d\u042f\u0419\u0422\u0415\u0421\u042c \u041a TEDOM - TEDOM<\/title>\n<meta name=\"description\" content=\"Udr\u017eujte si p\u0159ehled o tom, co je nov\u00e9ho ve sv\u011bt\u011b kogenerace, kde jsme pr\u00e1v\u011b nainstalovali novou kogenera\u010dn\u00ed jednotku nebo na kter\u00e9m veletrhu n\u00e1s m\u016f\u017eete nav\u0161t\u00edvit! Sta\u010d\u00ed se p\u0159ihl\u00e1sit k odb\u011bru Newsletteru TEDOM. Krom\u011b toho n\u00e1s m\u016f\u017eete sledovat i na soci\u00e1ln\u00edch s\u00edt\u00edch Facebook, Twitter nebo na Youtube.\" \/>\n<meta name=\"robots\" content=\"index, follow, max-snippet:-1, max-image-preview:large, max-video-preview:-1\" \/>\n<link rel=\"canonical\" href=\"https:\/\/ru.tedom.com\/ru\/prosojedinajtes-k-tedom\/\" \/>\n<meta property=\"og:locale\" content=\"ru_RU\" \/>\n<meta property=\"og:type\" content=\"article\" \/>\n<meta property=\"og:title\" content=\"\u041f\u0420\u0418\u0421\u041e\u0415\u0414\u0418\u041d\u042f\u0419\u0422\u0415\u0421\u042c \u041a TEDOM - TEDOM\" \/>\n<meta property=\"og:description\" content=\"Udr\u017eujte si p\u0159ehled o tom, co je nov\u00e9ho ve sv\u011bt\u011b kogenerace, kde jsme pr\u00e1v\u011b nainstalovali novou kogenera\u010dn\u00ed jednotku nebo na kter\u00e9m veletrhu n\u00e1s m\u016f\u017eete nav\u0161t\u00edvit! Sta\u010d\u00ed se p\u0159ihl\u00e1sit k odb\u011bru Newsletteru TEDOM. Krom\u011b toho n\u00e1s m\u016f\u017eete sledovat i na soci\u00e1ln\u00edch s\u00edt\u00edch Facebook, Twitter nebo na Youtube.\" \/>\n<meta property=\"og:url\" content=\"https:\/\/ru.tedom.com\/ru\/prosojedinajtes-k-tedom\/\" \/>\n<meta property=\"og:site_name\" content=\"TEDOM\" \/>\n<meta property=\"article:modified_time\" content=\"2023-09-21T10:26:38+00:00\" \/>\n<meta property=\"og:image\" content=\"https:\/\/ru.tedom.com\/wp-content\/uploads\/2022\/07\/TEDOM_logotype_RGB.png\" \/>\n\t<meta property=\"og:image:width\" content=\"2804\" \/>\n\t<meta property=\"og:image:height\" content=\"716\" \/>\n\t<meta property=\"og:image:type\" content=\"image\/png\" \/>\n<meta name=\"twitter:card\" content=\"summary_large_image\" \/>\n<script type=\"application\/ld+json\" class=\"yoast-schema-graph\">{\"@context\":\"https:\/\/schema.org\",\"@graph\":[{\"@type\":\"WebPage\",\"@id\":\"https:\/\/ru.tedom.com\/ru\/prosojedinajtes-k-tedom\/\",\"url\":\"https:\/\/ru.tedom.com\/ru\/prosojedinajtes-k-tedom\/\",\"name\":\"\u041f\u0420\u0418\u0421\u041e\u0415\u0414\u0418\u041d\u042f\u0419\u0422\u0415\u0421\u042c \u041a TEDOM - TEDOM\",\"isPartOf\":{\"@id\":\"https:\/\/ru.tedom.com\/ru\/#website\"},\"datePublished\":\"2017-11-22T08:28:02+00:00\",\"dateModified\":\"2023-09-21T10:26:38+00:00\",\"description\":\"Udr\u017eujte si p\u0159ehled o tom, co je nov\u00e9ho ve sv\u011bt\u011b kogenerace, kde jsme pr\u00e1v\u011b nainstalovali novou kogenera\u010dn\u00ed jednotku nebo na kter\u00e9m veletrhu n\u00e1s m\u016f\u017eete nav\u0161t\u00edvit! Sta\u010d\u00ed se p\u0159ihl\u00e1sit k odb\u011bru Newsletteru TEDOM. Krom\u011b toho n\u00e1s m\u016f\u017eete sledovat i na soci\u00e1ln\u00edch s\u00edt\u00edch Facebook, Twitter nebo na Youtube.\",\"inLanguage\":\"ru-RU\",\"potentialAction\":[{\"@type\":\"ReadAction\",\"target\":[\"https:\/\/ru.tedom.com\/ru\/prosojedinajtes-k-tedom\/\"]}]},{\"@type\":\"WebSite\",\"@id\":\"https:\/\/ru.tedom.com\/ru\/#website\",\"url\":\"https:\/\/ru.tedom.com\/ru\/\",\"name\":\"TEDOM\",\"description\":\"Za\u0159\u00edzen\u00ed pro efektivn\u00ed v\u00fdrobu elekt\u0159iny, tepla a chladu\",\"publisher\":{\"@id\":\"https:\/\/ru.tedom.com\/ru\/#organization\"},\"potentialAction\":[{\"@type\":\"SearchAction\",\"target\":{\"@type\":\"EntryPoint\",\"urlTemplate\":\"https:\/\/ru.tedom.com\/ru\/?s={search_term_string}\"},\"query-input\":\"required name=search_term_string\"}],\"inLanguage\":\"ru-RU\"},{\"@type\":\"Organization\",\"@id\":\"https:\/\/ru.tedom.com\/ru\/#organization\",\"name\":\"TEDOM a.s.\",\"url\":\"https:\/\/ru.tedom.com\/ru\/\",\"logo\":{\"@type\":\"ImageObject\",\"inLanguage\":\"ru-RU\",\"@id\":\"https:\/\/ru.tedom.com\/ru\/#\/schema\/logo\/image\/\",\"url\":\"https:\/\/ru.tedom.com\/wp-content\/uploads\/2022\/06\/TEDOM_logotype_RGB.svg\",\"contentUrl\":\"https:\/\/ru.tedom.com\/wp-content\/uploads\/2022\/06\/TEDOM_logotype_RGB.svg\",\"width\":673,\"height\":171,\"caption\":\"TEDOM a.s.\"},\"image\":{\"@id\":\"https:\/\/ru.tedom.com\/ru\/#\/schema\/logo\/image\/\"}}]}<\/script>\n<!-- \/ Yoast SEO plugin. -->","yoast_head_json":{"title":"\u041f\u0420\u0418\u0421\u041e\u0415\u0414\u0418\u041d\u042f\u0419\u0422\u0415\u0421\u042c \u041a TEDOM - TEDOM","description":"Udr\u017eujte si p\u0159ehled o tom, co je nov\u00e9ho ve sv\u011bt\u011b kogenerace, kde jsme pr\u00e1v\u011b nainstalovali novou kogenera\u010dn\u00ed jednotku nebo na kter\u00e9m veletrhu n\u00e1s m\u016f\u017eete nav\u0161t\u00edvit! Sta\u010d\u00ed se p\u0159ihl\u00e1sit k odb\u011bru Newsletteru TEDOM. Krom\u011b toho n\u00e1s m\u016f\u017eete sledovat i na soci\u00e1ln\u00edch s\u00edt\u00edch Facebook, Twitter nebo na Youtube.","robots":{"index":"index","follow":"follow","max-snippet":"max-snippet:-1","max-image-preview":"max-image-preview:large","max-video-preview":"max-video-preview:-1"},"canonical":"https:\/\/ru.tedom.com\/ru\/prosojedinajtes-k-tedom\/","og_locale":"ru_RU","og_type":"article","og_title":"\u041f\u0420\u0418\u0421\u041e\u0415\u0414\u0418\u041d\u042f\u0419\u0422\u0415\u0421\u042c \u041a TEDOM - TEDOM","og_description":"Udr\u017eujte si p\u0159ehled o tom, co je nov\u00e9ho ve sv\u011bt\u011b kogenerace, kde jsme pr\u00e1v\u011b nainstalovali novou kogenera\u010dn\u00ed jednotku nebo na kter\u00e9m veletrhu n\u00e1s m\u016f\u017eete nav\u0161t\u00edvit! Sta\u010d\u00ed se p\u0159ihl\u00e1sit k odb\u011bru Newsletteru TEDOM. Krom\u011b toho n\u00e1s m\u016f\u017eete sledovat i na soci\u00e1ln\u00edch s\u00edt\u00edch Facebook, Twitter nebo na Youtube.","og_url":"https:\/\/ru.tedom.com\/ru\/prosojedinajtes-k-tedom\/","og_site_name":"TEDOM","article_modified_time":"2023-09-21T10:26:38+00:00","og_image":[{"width":2804,"height":716,"url":"https:\/\/ru.tedom.com\/wp-content\/uploads\/2022\/07\/TEDOM_logotype_RGB.png","type":"image\/png"}],"twitter_card":"summary_large_image","schema":{"@context":"https:\/\/schema.org","@graph":[{"@type":"WebPage","@id":"https:\/\/ru.tedom.com\/ru\/prosojedinajtes-k-tedom\/","url":"https:\/\/ru.tedom.com\/ru\/prosojedinajtes-k-tedom\/","name":"\u041f\u0420\u0418\u0421\u041e\u0415\u0414\u0418\u041d\u042f\u0419\u0422\u0415\u0421\u042c \u041a TEDOM - TEDOM","isPartOf":{"@id":"https:\/\/ru.tedom.com\/ru\/#website"},"datePublished":"2017-11-22T08:28:02+00:00","dateModified":"2023-09-21T10:26:38+00:00","description":"Udr\u017eujte si p\u0159ehled o tom, co je nov\u00e9ho ve sv\u011bt\u011b kogenerace, kde jsme pr\u00e1v\u011b nainstalovali novou kogenera\u010dn\u00ed jednotku nebo na kter\u00e9m veletrhu n\u00e1s m\u016f\u017eete nav\u0161t\u00edvit! Sta\u010d\u00ed se p\u0159ihl\u00e1sit k odb\u011bru Newsletteru TEDOM. Krom\u011b toho n\u00e1s m\u016f\u017eete sledovat i na soci\u00e1ln\u00edch s\u00edt\u00edch Facebook, Twitter nebo na Youtube.","inLanguage":"ru-RU","potentialAction":[{"@type":"ReadAction","target":["https:\/\/ru.tedom.com\/ru\/prosojedinajtes-k-tedom\/"]}]},{"@type":"WebSite","@id":"https:\/\/ru.tedom.com\/ru\/#website","url":"https:\/\/ru.tedom.com\/ru\/","name":"TEDOM","description":"Za\u0159\u00edzen\u00ed pro efektivn\u00ed v\u00fdrobu elekt\u0159iny, tepla a chladu","publisher":{"@id":"https:\/\/ru.tedom.com\/ru\/#organization"},"potentialAction":[{"@type":"SearchAction","target":{"@type":"EntryPoint","urlTemplate":"https:\/\/ru.tedom.com\/ru\/?s={search_term_string}"},"query-input":"required name=search_term_string"}],"inLanguage":"ru-RU"},{"@type":"Organization","@id":"https:\/\/ru.tedom.com\/ru\/#organization","name":"TEDOM a.s.","url":"https:\/\/ru.tedom.com\/ru\/","logo":{"@type":"ImageObject","inLanguage":"ru-RU","@id":"https:\/\/ru.tedom.com\/ru\/#\/schema\/logo\/image\/","url":"https:\/\/ru.tedom.com\/wp-content\/uploads\/2022\/06\/TEDOM_logotype_RGB.svg","contentUrl":"https:\/\/ru.tedom.com\/wp-content\/uploads\/2022\/06\/TEDOM_logotype_RGB.svg","width":673,"height":171,"caption":"TEDOM a.s."},"image":{"@id":"https:\/\/ru.tedom.com\/ru\/#\/schema\/logo\/image\/"}}]}},"_links":{"self":[{"href":"https:\/\/ru.tedom.com\/ru\/wp-json\/wp\/v2\/pages\/19802"}],"collection":[{"href":"https:\/\/ru.tedom.com\/ru\/wp-json\/wp\/v2\/pages"}],"about":[{"href":"https:\/\/ru.tedom.com\/ru\/wp-json\/wp\/v2\/types\/page"}],"author":[{"embeddable":true,"href":"https:\/\/ru.tedom.com\/ru\/wp-json\/wp\/v2\/users\/1"}],"replies":[{"embeddable":true,"href":"https:\/\/ru.tedom.com\/ru\/wp-json\/wp\/v2\/comments?post=19802"}],"version-history":[{"count":6,"href":"https:\/\/ru.tedom.com\/ru\/wp-json\/wp\/v2\/pages\/19802\/revisions"}],"predecessor-version":[{"id":57524,"href":"https:\/\/ru.tedom.com\/ru\/wp-json\/wp\/v2\/pages\/19802\/revisions\/57524"}],"wp:attachment":[{"href":"https:\/\/ru.tedom.com\/ru\/wp-json\/wp\/v2\/media?parent=19802"}],"curies":[{"name":"wp","href":"https:\/\/api.w.org\/{rel}","templated":true}]}}